{"id":87,"date":"2025-05-06T08:48:40","date_gmt":"2025-05-06T08:48:40","guid":{"rendered":"http:\/\/reteledetineret.com\/?page_id=87"},"modified":"2025-07-17T10:02:02","modified_gmt":"2025-07-17T07:02:02","slug":"anunturi","status":"publish","type":"page","link":"https:\/\/reteledetineret.com\/index.php\/anunturi\/","title":{"rendered":"Anun\u021buri"},"content":{"rendered":"<section class=\"l-section wpb_row height_medium\"><div class=\"l-section-h i-cf\"><div class=\"g-cols vc_row via_grid cols_1 laptops-cols_inherit tablets-cols_inherit mobiles-cols_1 valign_top type_default stacking_default\"><div class=\"wpb_column vc_column_container\"><div class=\"vc_column-inner\"><div class=\"w-grid us_post_list type_masonry layout_blog_11 cols_3 pagination_numbered preload_style_spinner with_isotope\" id=\"us_post_list_a61d\" style=\"--columns:3;--gap:1.5rem;\" data-filterable=\"true\"><style>@media (max-width:1024px){#us_post_list_a61d{--columns:2!important}}@media (max-width:600px){#us_post_list_a61d{--columns:1!important}}.layout_blog_11 .w-grid-item-h{}.layout_blog_11 .usg_post_title_1{font-size:1.4rem!important;font-weight:700!important;margin-bottom:0.5rem!important}.layout_blog_11 .usg_hwrapper_1{color:var(--color-content-faded)!important;font-size:0.9rem!important}.layout_blog_11 .usg_post_taxonomy_1{font-weight:700!important;text-transform:uppercase!important}.layout_blog_11 .usg_post_image_1{margin-top:0.7rem!important}.layout_blog_11 .usg_post_content_1{max-width:600px!important;margin-top:0.8rem!important}@media (max-width:600px){.layout_blog_11 .usg_post_title_1{font-size:1.2rem!important}}<\/style><div class=\"w-grid-list\">\t<article class=\"w-grid-item size_1x1 post-149 post type-post status-publish format-standard hentry category-tineret\" data-id=\"149\">\r\n\t\t<div class=\"w-grid-item-h\">\r\n\t\t\t\t\t\t<h2 class=\"w-post-elm post_title usg_post_title_1 entry-title color_link_inherit\"><a href=\"https:\/\/reteledetineret.com\/index.php\/2025\/07\/15\/conferinta-de-presa-lansare-proiect-tineret-retele-pentru-integrare-tineri\/\">Conferin\u021ba de pres\u0103 lansare proiect &#8220;Tineret &#8211; Retele pentru integrare tineri&#8221;<\/a><\/h2><div class=\"w-hwrapper usg_hwrapper_1 has_text_color align_none valign_top wrap\"><div class=\"w-post-elm post_taxonomy usg_post_taxonomy_1 style_simple\"><a class=\"term-1 term-tineret\" href=\"https:\/\/reteledetineret.com\/index.php\/category\/tineret\/\">Tineret<\/a><\/div><time class=\"w-post-elm post_date usg_post_date_1 entry-date published\" datetime=\"2025-07-15T11:26:47+03:00\" title=\"15 July 2025 at 11:26:47 Europe\/Bucharest\">9 months ago<\/time><\/div><div class=\"w-post-elm post_content usg_post_content_1\">Agen\u021bia Jude\u021bean\u0103 de Ocuparea For\u021bei de Munca Gala\u021bi in parteneriat cu Centrul de Consultanta \u0219i Studii Europene a lansat joi 10.07.2025 proiectul &#8220;Tineret -Retele pentru integrare tineri&#8221;, cofinan\u021bat de Programul&hellip;<\/div>\t\t<\/div>\r\n\t\t\t<\/article>\r\n\t<article class=\"w-grid-item size_1x1 post-203 post type-post status-publish format-standard hentry category-tineret\" data-id=\"203\">\r\n\t\t<div class=\"w-grid-item-h\">\r\n\t\t\t\t\t\t<h2 class=\"w-post-elm post_title usg_post_title_1 entry-title color_link_inherit\"><a href=\"https:\/\/reteledetineret.com\/index.php\/2025\/06\/25\/angajam-lector-marketing-digital-si-economie-verde-2\/\">ANGAJ\u0102M LECTOR MARKETING DIGITAL SI ECONOMIE VERDE<\/a><\/h2><div class=\"w-hwrapper usg_hwrapper_1 has_text_color align_none valign_top wrap\"><div class=\"w-post-elm post_taxonomy usg_post_taxonomy_1 style_simple\"><a class=\"term-1 term-tineret\" href=\"https:\/\/reteledetineret.com\/index.php\/category\/tineret\/\">Tineret<\/a><\/div><time class=\"w-post-elm post_date usg_post_date_1 entry-date published\" datetime=\"2025-06-25T14:30:28+03:00\" title=\"25 June 2025 at 14:30:28 Europe\/Bucharest\">10 months ago<\/time><\/div>\t\t<\/div>\r\n\t\t\t<\/article>\r\n\t<article class=\"w-grid-item size_1x1 post-200 post type-post status-publish format-standard hentry category-tineret\" data-id=\"200\">\r\n\t\t<div class=\"w-grid-item-h\">\r\n\t\t\t\t\t\t<h2 class=\"w-post-elm post_title usg_post_title_1 entry-title color_link_inherit\"><a href=\"https:\/\/reteledetineret.com\/index.php\/2025\/06\/20\/angajam-lector-managementul-carierei-2\/\">ANGAJ\u0102M LECTOR MANAGEMENTUL CARIEREI<\/a><\/h2><div class=\"w-hwrapper usg_hwrapper_1 has_text_color align_none valign_top wrap\"><div class=\"w-post-elm post_taxonomy usg_post_taxonomy_1 style_simple\"><a class=\"term-1 term-tineret\" href=\"https:\/\/reteledetineret.com\/index.php\/category\/tineret\/\">Tineret<\/a><\/div><time class=\"w-post-elm post_date usg_post_date_1 entry-date published\" datetime=\"2025-06-20T14:26:55+03:00\" title=\"20 June 2025 at 14:26:55 Europe\/Bucharest\">10 months ago<\/time><\/div>\t\t<\/div>\r\n\t\t\t<\/article>\r\n\t<article class=\"w-grid-item size_1x1 post-197 post type-post status-publish format-standard hentry category-tineret\" data-id=\"197\">\r\n\t\t<div class=\"w-grid-item-h\">\r\n\t\t\t\t\t\t<h2 class=\"w-post-elm post_title usg_post_title_1 entry-title color_link_inherit\"><a href=\"https:\/\/reteledetineret.com\/index.php\/2025\/06\/19\/angajam-lector-lucrator-de-tineret-2\/\">ANGAJ\u0102M LECTOR LUCRATOR DE TINERET<\/a><\/h2><div class=\"w-hwrapper usg_hwrapper_1 has_text_color align_none valign_top wrap\"><div class=\"w-post-elm post_taxonomy usg_post_taxonomy_1 style_simple\"><a class=\"term-1 term-tineret\" href=\"https:\/\/reteledetineret.com\/index.php\/category\/tineret\/\">Tineret<\/a><\/div><time class=\"w-post-elm post_date usg_post_date_1 entry-date published\" datetime=\"2025-06-19T14:22:52+03:00\" title=\"19 June 2025 at 14:22:52 Europe\/Bucharest\">10 months ago<\/time><\/div>\t\t<\/div>\r\n\t\t\t<\/article>\r\n\t<article class=\"w-grid-item size_1x1 post-193 post type-post status-publish format-standard hentry category-tineret\" data-id=\"193\">\r\n\t\t<div class=\"w-grid-item-h\">\r\n\t\t\t\t\t\t<h2 class=\"w-post-elm post_title usg_post_title_1 entry-title color_link_inherit\"><a href=\"https:\/\/reteledetineret.com\/index.php\/2025\/06\/17\/angajam-lector-educatie-ecologica-2\/\">ANGAJ\u0102M LECTOR EDUCATIE ECOLOGICA<\/a><\/h2><div class=\"w-hwrapper usg_hwrapper_1 has_text_color align_none valign_top wrap\"><div class=\"w-post-elm post_taxonomy usg_post_taxonomy_1 style_simple\"><a class=\"term-1 term-tineret\" href=\"https:\/\/reteledetineret.com\/index.php\/category\/tineret\/\">Tineret<\/a><\/div><time class=\"w-post-elm post_date usg_post_date_1 entry-date published\" datetime=\"2025-06-17T14:19:51+03:00\" title=\"17 June 2025 at 14:19:51 Europe\/Bucharest\">10 months ago<\/time><\/div>\t\t<\/div>\r\n\t\t\t<\/article>\r\n\t<article class=\"w-grid-item size_1x1 post-189 post type-post status-publish format-standard hentry category-tineret\" data-id=\"189\">\r\n\t\t<div class=\"w-grid-item-h\">\r\n\t\t\t\t\t\t<h2 class=\"w-post-elm post_title usg_post_title_1 entry-title color_link_inherit\"><a href=\"https:\/\/reteledetineret.com\/index.php\/2025\/06\/12\/angajam-lector-munca-in-echipa-2\/\">ANGAJ\u0102M LECTOR MUNCA IN ECHIPA<\/a><\/h2><div class=\"w-hwrapper usg_hwrapper_1 has_text_color align_none valign_top wrap\"><div class=\"w-post-elm post_taxonomy usg_post_taxonomy_1 style_simple\"><a class=\"term-1 term-tineret\" href=\"https:\/\/reteledetineret.com\/index.php\/category\/tineret\/\">Tineret<\/a><\/div><time class=\"w-post-elm post_date usg_post_date_1 entry-date published\" datetime=\"2025-06-12T14:14:33+03:00\" title=\"12 June 2025 at 14:14:33 Europe\/Bucharest\">10 months ago<\/time><\/div>\t\t<\/div>\r\n\t\t\t<\/article>\r\n\t<article class=\"w-grid-item size_1x1 post-186 post type-post status-publish format-standard hentry category-tineret\" data-id=\"186\">\r\n\t\t<div class=\"w-grid-item-h\">\r\n\t\t\t\t\t\t<h2 class=\"w-post-elm post_title usg_post_title_1 entry-title color_link_inherit\"><a href=\"https:\/\/reteledetineret.com\/index.php\/2025\/06\/10\/angajam-lector-competente-digitale-de-utilizare-a-tehnologiei-informatiei-ca-instrument-de-invatare-si-cunoastere-2\/\">ANGAJ\u0102M LECTOR COMPETENTE DIGITALE DE UTILIZARE A TEHNOLOGIEI INFORMATIEI CA INSTRUMENT DE INVATARE SI CUNOASTERE<\/a><\/h2><div class=\"w-hwrapper usg_hwrapper_1 has_text_color align_none valign_top wrap\"><div class=\"w-post-elm post_taxonomy usg_post_taxonomy_1 style_simple\"><a class=\"term-1 term-tineret\" href=\"https:\/\/reteledetineret.com\/index.php\/category\/tineret\/\">Tineret<\/a><\/div><time class=\"w-post-elm post_date usg_post_date_1 entry-date published\" datetime=\"2025-06-10T13:50:43+03:00\" title=\"10 June 2025 at 13:50:43 Europe\/Bucharest\">10 months ago<\/time><\/div>\t\t<\/div>\r\n\t\t\t<\/article>\r\n\t<article class=\"w-grid-item size_1x1 post-105 post type-post status-publish format-standard hentry category-tineret\" data-id=\"105\">\r\n\t\t<div class=\"w-grid-item-h\">\r\n\t\t\t\t\t\t<h2 class=\"w-post-elm post_title usg_post_title_1 entry-title color_link_inherit\"><a href=\"https:\/\/reteledetineret.com\/index.php\/2025\/05\/27\/bursele-locurilor-de-munca-2025\/\">Bursele Locurilor de Munc\u0103 organizate \u00een: \ud83d\udccd GALA\u021aI, \ud83d\udccd BR\u0102ILA, \ud83d\udccd BUZ\u0102U, \ud83d\udccd TULCEA, \ud83d\udccd CONSTAN\u021aA, \ud83d\udccd<\/a><\/h2><div class=\"w-hwrapper usg_hwrapper_1 has_text_color align_none valign_top wrap\"><div class=\"w-post-elm post_taxonomy usg_post_taxonomy_1 style_simple\"><a class=\"term-1 term-tineret\" href=\"https:\/\/reteledetineret.com\/index.php\/category\/tineret\/\">Tineret<\/a><\/div><time class=\"w-post-elm post_date usg_post_date_1 entry-date published\" datetime=\"2025-05-27T12:37:30+03:00\" title=\"27 May 2025 at 12:37:30 Europe\/Bucharest\">11 months ago<\/time><\/div><div class=\"w-post-elm post_content usg_post_content_1\">O excelent\u0103 oportunitate pentru tinerii care sunt \u00een c\u0103utarea unui loc de munc\u0103. \ud83d\ude4f Mul\u021bumim tuturor celor care au fost al\u0103turi de noi! Detalii:<\/div>\t\t<\/div>\r\n\t\t\t<\/article>\r\n\t<article class=\"w-grid-item size_1x1 post-159 post type-post status-publish format-standard hentry category-tineret\" data-id=\"159\">\r\n\t\t<div class=\"w-grid-item-h\">\r\n\t\t\t\t\t\t<h2 class=\"w-post-elm post_title usg_post_title_1 entry-title color_link_inherit\"><a href=\"https:\/\/reteledetineret.com\/index.php\/2025\/05\/23\/angajam-lector-educatie-ecologica\/\">ANGAJ\u0102M LECTOR EDUCATIE ECOLOGICA<\/a><\/h2><div class=\"w-hwrapper usg_hwrapper_1 has_text_color align_none valign_top wrap\"><div class=\"w-post-elm post_taxonomy usg_post_taxonomy_1 style_simple\"><a class=\"term-1 term-tineret\" href=\"https:\/\/reteledetineret.com\/index.php\/category\/tineret\/\">Tineret<\/a><\/div><time class=\"w-post-elm post_date usg_post_date_1 entry-date published\" datetime=\"2025-05-23T09:55:13+03:00\" title=\"23 May 2025 at 09:55:13 Europe\/Bucharest\">11 months ago<\/time><\/div><div class=\"w-post-elm post_content usg_post_content_1\">SPECIFICAREA CERINTELOR POSTULUI: Cerinte pentru exercitare: Inteligenta peste nivelul mediu (capacitate de analiza si sinteza, memorie dezvoltata, judecata rapida, capacitate de deductie logica) Usurinta in exprimarea ideilor, deprinderea de a&hellip;<\/div>\t\t<\/div>\r\n\t\t\t<\/article>\r\n\t<article class=\"w-grid-item size_1x1 post-161 post type-post status-publish format-standard hentry category-tineret\" data-id=\"161\">\r\n\t\t<div class=\"w-grid-item-h\">\r\n\t\t\t\t\t\t<h2 class=\"w-post-elm post_title usg_post_title_1 entry-title color_link_inherit\"><a href=\"https:\/\/reteledetineret.com\/index.php\/2025\/05\/22\/angajam-lector-lucrator-de-tineret\/\">ANGAJ\u0102M LECTOR LUCRATOR DE TINERET<\/a><\/h2><div class=\"w-hwrapper usg_hwrapper_1 has_text_color align_none valign_top wrap\"><div class=\"w-post-elm post_taxonomy usg_post_taxonomy_1 style_simple\"><a class=\"term-1 term-tineret\" href=\"https:\/\/reteledetineret.com\/index.php\/category\/tineret\/\">Tineret<\/a><\/div><time class=\"w-post-elm post_date usg_post_date_1 entry-date published\" datetime=\"2025-05-22T09:56:54+03:00\" title=\"22 May 2025 at 09:56:54 Europe\/Bucharest\">11 months ago<\/time><\/div><div class=\"w-post-elm post_content usg_post_content_1\">SPECIFICAREA CERINTELOR POSTULUI: Cerinte pentru exercitare: Inteligenta peste nivelul mediu (capacitate de analiza si sinteza, memorie dezvoltata, judecata rapida, capacitate de deductie logica) Usurinta in exprimarea ideilor, deprinderea de a&hellip;<\/div>\t\t<\/div>\r\n\t\t\t<\/article>\r\n\t<article class=\"w-grid-item size_1x1 post-163 post type-post status-publish format-standard hentry category-tineret\" data-id=\"163\">\r\n\t\t<div class=\"w-grid-item-h\">\r\n\t\t\t\t\t\t<h2 class=\"w-post-elm post_title usg_post_title_1 entry-title color_link_inherit\"><a href=\"https:\/\/reteledetineret.com\/index.php\/2025\/05\/21\/angajam-lector-managementul-carierei\/\">ANGAJ\u0102M LECTOR MANAGEMENTUL CARIEREI<\/a><\/h2><div class=\"w-hwrapper usg_hwrapper_1 has_text_color align_none valign_top wrap\"><div class=\"w-post-elm post_taxonomy usg_post_taxonomy_1 style_simple\"><a class=\"term-1 term-tineret\" href=\"https:\/\/reteledetineret.com\/index.php\/category\/tineret\/\">Tineret<\/a><\/div><time class=\"w-post-elm post_date usg_post_date_1 entry-date published\" datetime=\"2025-05-21T09:58:37+03:00\" title=\"21 May 2025 at 09:58:37 Europe\/Bucharest\">11 months ago<\/time><\/div><div class=\"w-post-elm post_content usg_post_content_1\">SPECIFICAREA CERINTELOR POSTULUI: Cerinte pentru exercitare: Inteligenta peste nivelul mediu (capacitate de analiza si sinteza, memorie dezvoltata, judecata rapida, capacitate de deductie logica) Usurinta in exprimarea ideilor, deprinderea de a&hellip;<\/div>\t\t<\/div>\r\n\t\t\t<\/article>\r\n\t<article class=\"w-grid-item size_1x1 post-157 post type-post status-publish format-standard hentry category-tineret\" data-id=\"157\">\r\n\t\t<div class=\"w-grid-item-h\">\r\n\t\t\t\t\t\t<h2 class=\"w-post-elm post_title usg_post_title_1 entry-title color_link_inherit\"><a href=\"https:\/\/reteledetineret.com\/index.php\/2025\/05\/19\/angajam-lector-munca-in-echipa\/\">ANGAJ\u0102M LECTOR MUNCA IN ECHIPA<\/a><\/h2><div class=\"w-hwrapper usg_hwrapper_1 has_text_color align_none valign_top wrap\"><div class=\"w-post-elm post_taxonomy usg_post_taxonomy_1 style_simple\"><a class=\"term-1 term-tineret\" href=\"https:\/\/reteledetineret.com\/index.php\/category\/tineret\/\">Tineret<\/a><\/div><time class=\"w-post-elm post_date usg_post_date_1 entry-date published\" datetime=\"2025-05-19T09:53:05+03:00\" title=\"19 May 2025 at 09:53:05 Europe\/Bucharest\">11 months ago<\/time><\/div><div class=\"w-post-elm post_content usg_post_content_1\">SPECIFICAREA CERINTELOR POSTULUI: Cerinte pentru exercitare: Inteligenta peste nivelul mediu (capacitate de analiza si sinteza, memorie dezvoltata, judecata rapida, capacitate de deductie logica) Usurinta in exprimarea ideilor, deprinderea de a&hellip;<\/div>\t\t<\/div>\r\n\t\t\t<\/article>\r\n<\/div><nav class=\"pagination navigation\" role=\"navigation\"><div class=\"nav-links\"><span aria-current=\"page\" class=\"page-numbers current\"><span>1<\/span><\/span>\n<a class=\"page-numbers\" href=\"https:\/\/reteledetineret.com\/wp-json\/wp\/v2\/pages\/87\/page\/2\/\"><span>2<\/span><\/a>\n<a class=\"next page-numbers\" href=\"https:\/\/reteledetineret.com\/wp-json\/wp\/v2\/pages\/87\/page\/2\/\"><span>Next<\/span><\/a><\/div><\/nav><div class=\"g-loadmore\"><div class=\"g-preloader type_1\"><div><\/div><\/div><\/div><div class=\"w-grid-list-json hidden\" onclick='return {&quot;max_num_pages&quot;:2,&quot;pagination&quot;:&quot;numbered&quot;,&quot;paged&quot;:1,&quot;ajaxData&quot;:{&quot;_nonce&quot;:&quot;b28319c274&quot;,&quot;action&quot;:&quot;us_ajax_post_list&quot;,&quot;meta_type&quot;:&quot;post&quot;,&quot;object_id&quot;:0,&quot;template_vars&quot;:{&quot;paged&quot;:1,&quot;max_num_pages&quot;:2,&quot;no_results&quot;:false,&quot;source&quot;:&quot;all&quot;,&quot;ids&quot;:&quot;&quot;,&quot;post_type&quot;:&quot;post&quot;,&quot;post_author&quot;:&quot;any&quot;,&quot;post_author_ids&quot;:&quot;&quot;,&quot;apply_url_params&quot;:0,&quot;exclude_children&quot;:0,&quot;exclude_current_post&quot;:1,&quot;exclude_prev_posts&quot;:0,&quot;enable_items_offset&quot;:0,&quot;items_offset&quot;:&quot;1&quot;,&quot;tax_query_relation&quot;:&quot;none&quot;,&quot;tax_query&quot;:[{&quot;operator&quot;:&quot;IN&quot;,&quot;taxonomy&quot;:&quot;category&quot;,&quot;terms&quot;:&quot;&quot;,&quot;include_children&quot;:0}],&quot;meta_query_relation&quot;:&quot;none&quot;,&quot;meta_query&quot;:[{&quot;key&quot;:&quot;custom_field_name&quot;,&quot;compare&quot;:&quot;=&quot;,&quot;value&quot;:&quot;&quot;}],&quot;orderby&quot;:&quot;date&quot;,&quot;orderby_custom_field&quot;:&quot;&quot;,&quot;orderby_custom_type&quot;:0,&quot;order_invert&quot;:&quot;1&quot;,&quot;show_all&quot;:0,&quot;quantity&quot;:&quot;12&quot;,&quot;no_items_action&quot;:&quot;message&quot;,&quot;no_items_message&quot;:&quot;No results found.&quot;,&quot;no_items_page_block&quot;:&quot;&quot;,&quot;pagination&quot;:&quot;numbered&quot;,&quot;pagination_style&quot;:&quot;&quot;,&quot;pagination_btn_text&quot;:&quot;Load More&quot;,&quot;pagination_btn_size&quot;:&quot;&quot;,&quot;pagination_btn_style&quot;:&quot;1&quot;,&quot;pagination_btn_fullwidth&quot;:0,&quot;items_layout&quot;:&quot;blog_11&quot;,&quot;type&quot;:&quot;masonry&quot;,&quot;items_valign&quot;:0,&quot;ignore_items_size&quot;:0,&quot;columns&quot;:&quot;3&quot;,&quot;items_gap&quot;:&quot;1.5rem&quot;,&quot;load_animation&quot;:&quot;none&quot;,&quot;items_preload_style&quot;:&quot;spinner&quot;,&quot;img_size&quot;:&quot;default&quot;,&quot;title_size&quot;:&quot;&quot;,&quot;items_ratio&quot;:&quot;default&quot;,&quot;items_ratio_width&quot;:&quot;21&quot;,&quot;items_ratio_height&quot;:&quot;9&quot;,&quot;overriding_link&quot;:&quot;%7B%22url%22%3A%22%22%7D&quot;,&quot;popup_width&quot;:&quot;&quot;,&quot;popup_arrows&quot;:1,&quot;breakpoint_1_width&quot;:&quot;1381px&quot;,&quot;breakpoint_1_cols&quot;:&quot;default&quot;,&quot;breakpoint_1_quantity&quot;:&quot;&quot;,&quot;breakpoint_1_gap&quot;:&quot;&quot;,&quot;breakpoint_2_width&quot;:&quot;1025px&quot;,&quot;breakpoint_2_cols&quot;:&quot;2&quot;,&quot;breakpoint_2_quantity&quot;:&quot;&quot;,&quot;breakpoint_2_gap&quot;:&quot;&quot;,&quot;breakpoint_3_width&quot;:&quot;601px&quot;,&quot;breakpoint_3_cols&quot;:&quot;1&quot;,&quot;breakpoint_3_quantity&quot;:&quot;&quot;,&quot;breakpoint_3_gap&quot;:&quot;&quot;,&quot;conditions_operator&quot;:&quot;always&quot;,&quot;conditions&quot;:[],&quot;css&quot;:null,&quot;el_class&quot;:&quot;&quot;,&quot;el_id&quot;:&quot;&quot;,&quot;enable_custom_html_atts&quot;:0,&quot;custom_html_atts&quot;:null,&quot;hide_on_states&quot;:&quot;&quot;,&quot;hide_for_sticky&quot;:0,&quot;hide_for_not_sticky&quot;:0,&quot;hide_below&quot;:&quot;0px&quot;,&quot;hide_above&quot;:&quot;0px&quot;,&quot;classes&quot;:&quot;&quot;}},&quot;facetedFilter&quot;:[]}'><\/div><\/div><\/div><\/div><\/div><\/div><\/section>\n","protected":false},"excerpt":{"rendered":"SPECIFICAREA CERINTELOR POSTULUI: Cerinte pentru exercitare: Inteligenta peste nivelul mediu (capacitate de analiza si sinteza, memorie dezvoltata, judecata rapida, capacitate de deductie logica) Usurinta in exprimarea ideilor, deprinderea de a vorbi in public Rezistenta la sarcini repetitive Asumarea responsabilitatilor Capacitate de relationare interumana Adaptabilitate la sarcini de lucru schimbatoare, la situatii de criza Echilibru emotional...","protected":false},"author":1,"featured_media":0,"parent":0,"menu_order":0,"comment_status":"closed","ping_status":"closed","template":"","meta":{"footnotes":""},"class_list":["post-87","page","type-page","status-publish","hentry"],"_links":{"self":[{"href":"https:\/\/reteledetineret.com\/index.php\/wp-json\/wp\/v2\/pages\/87","targetHints":{"allow":["GET"]}}],"collection":[{"href":"https:\/\/reteledetineret.com\/index.php\/wp-json\/wp\/v2\/pages"}],"about":[{"href":"https:\/\/reteledetineret.com\/index.php\/wp-json\/wp\/v2\/types\/page"}],"author":[{"embeddable":true,"href":"https:\/\/reteledetineret.com\/index.php\/wp-json\/wp\/v2\/users\/1"}],"replies":[{"embeddable":true,"href":"https:\/\/reteledetineret.com\/index.php\/wp-json\/wp\/v2\/comments?post=87"}],"version-history":[{"count":5,"href":"https:\/\/reteledetineret.com\/index.php\/wp-json\/wp\/v2\/pages\/87\/revisions"}],"predecessor-version":[{"id":168,"href":"https:\/\/reteledetineret.com\/index.php\/wp-json\/wp\/v2\/pages\/87\/revisions\/168"}],"wp:attachment":[{"href":"https:\/\/reteledetineret.com\/index.php\/wp-json\/wp\/v2\/media?parent=87"}],"curies":[{"name":"wp","href":"https:\/\/api.w.org\/{rel}","templated":true}]}}