{"id":68,"date":"2025-04-30T09:03:09","date_gmt":"2025-04-30T09:03:09","guid":{"rendered":"http:\/\/reteledetineret.com\/?page_id=68"},"modified":"2025-04-30T14:56:23","modified_gmt":"2025-04-30T14:56:23","slug":"grup-tinta-rezultate","status":"publish","type":"page","link":"https:\/\/reteledetineret.com\/index.php\/grup-tinta-rezultate\/","title":{"rendered":"Grup \u021bint\u0103 \/ rezultate"},"content":{"rendered":"<section class=\"l-section wpb_row height_medium with_shape\"><div class=\"l-section-shape type_triangle-2 pos_top\" style=\"height:50vmin;color:var(--color-content-secondary)\"><svg xmlns=\"http:\/\/www.w3.org\/2000\/svg\" viewBox=\"0 0 64 8\" preserveAspectRatio=\"none\" width=\"100%\" height=\"100%\">\r\n\t<path fill=\"currentColor\" d=\"M64 8 L0 8 L0 0 L48 7.9 L64 0 Z\"\/>\r\n<\/svg><\/div><div class=\"l-section-h i-cf\"><div class=\"g-cols vc_row via_grid cols_1 laptops-cols_inherit tablets-cols_inherit mobiles-cols_1 valign_middle type_default stacking_default\"><div class=\"wpb_column vc_column_container us_custom_1258d325\"><div class=\"vc_column-overlay\" style=\"background:#ffffff\"><\/div><div class=\"vc_column-inner\"><div class=\"wpb_text_column\"><div class=\"wpb_wrapper\"><p>Proiectul prevede pentru grupul tinta un numar de 1582 persoane din Regiunea de Sud-Est, se preconizeaz\u0103 ca distribu\u021bia GT va fi cu prec\u0103dere \u00een jude\u021bul Galati, iar GT va proveni atat din mediul urban, cat si rural. Grupul \u021bint\u0103 va cuprinde persoane cu v\u00e2rsta cuprins\u0103 \u00eentre 14 \u0219i 30 ani.<\/p>\n<p><strong>Rezultate previzionate<\/strong>:<\/p>\n<p><i class=\"fas fa-square-check\"><\/i> \u00cencheierea de minim 6 parteneriate \u00eentre Serviciul Public de Ocupare \u0219i furnizorii de servicii de tineret publici sau privati care s\u0103 faciliteze furnizarea serviciilor pentru tineri<br \/>\n<i class=\"fas fa-square-check\"><\/i> Dezvoltarea de metodologii complete precum metodologie de consiliere si orientare, metodologie de mediere, plan de comunicare, metodologie de organizare a cursurilor nonformale si metodologie de evaluare initiala, metodologie de selectie si inregistrare grup tinta, metodologie de organizare ateliere de lucru elaborate<br \/>\n<i class=\"fas fa-square-check\"><\/i> 42 participanti la cursuri, 3 sesiuni de instruire Curs Lucrator de tineret<br \/>\n<i class=\"fas fa-square-check\"><\/i> 12 workshop-uri organizate cu privire la prevenirea consumului de alcool si droguri<br \/>\n<i class=\"fas fa-square-check\"><\/i> 6 campanii de informare si constientizare cu privire la prevenirea consumului de alcool si droguri<br \/>\n<i class=\"fas fa-square-check\"><\/i> 1582 Copii si tineri identificati si inregistrati in grupul tinta<br \/>\n<i class=\"fas fa-square-check\"><\/i> 1582 planuri personalizate de formare, 1582 de orientari c\u0103tre cursuri, 1108 dosare de profilare, 1582 sedinte de consiliere si 1582 sedinte de mediere<br \/>\n<i class=\"fas fa-square-check\"><\/i> 1540 participanti la cursuri, 110 sesiuni de instruire realizate astfel:<br \/>\n<i class=\"fas fa-square-check\"><\/i> Curs COMPETENTE DIGITALE DE UTILIZARE A TEHNOLOGIEI INFORMATIEI CA INSTRUMENT DE INVATARE SI CUNOASTERE 20 sesiuni<br \/>\n<i class=\"fas fa-square-check\"><\/i> Curs MANAGEMENTUL CARIEREI 20 sesiuni<br \/>\n<i class=\"fas fa-square-check\"><\/i> Curs MUNCA IN ECHIPA 20 sesiuni<br \/>\n<i class=\"fas fa-square-check\"><\/i> Curs EDUCATIE ECOLOGICA 30 sesiuni<br \/>\n<i class=\"fas fa-square-check\"><\/i> Curs MARKETING DIGITAL \u0218I ECONOMIE VERDE 20 sesiuni<br \/>\n<i class=\"fas fa-square-check\"><\/i> 6 ateliere de lucru cu urmatoarele teme: Pictur\u0103 \u015fi desen, desen tehnic, grafic\u0103, Public speaking, Cursuri de fotografie, Voluntariat, Activitati sportive, Dezvoltarea abilit\u0103\u021bilor antreprenoriale<br \/>\n<i class=\"fas fa-square-check\"><\/i> Organizarea a 2 conferin\u021be de informare \u0219i diseminare a rezultatelor proiectului, \u00eenso\u021bit\u0103 de elaborarea unui manual de bune practici \u0219i a unei metodologii specifice proiectului.<\/p>\n<\/div><\/div><\/div><\/div><\/div><\/div><\/section>\n","protected":false},"excerpt":{"rendered":"Proiectul prevede pentru grupul tinta un numar de 1582 persoane din Regiunea de Sud-Est, se preconizeaz\u0103 ca distribu\u021bia GT va fi cu prec\u0103dere \u00een jude\u021bul Galati, iar GT va proveni atat din mediul urban, cat si rural. Grupul \u021bint\u0103 va cuprinde persoane cu v\u00e2rsta cuprins\u0103 \u00eentre 14 \u0219i 30 ani. Rezultate previzionate: \u00cencheierea de minim...","protected":false},"author":1,"featured_media":0,"parent":0,"menu_order":0,"comment_status":"closed","ping_status":"closed","template":"","meta":{"footnotes":""},"class_list":["post-68","page","type-page","status-publish","hentry"],"_links":{"self":[{"href":"https:\/\/reteledetineret.com\/index.php\/wp-json\/wp\/v2\/pages\/68","targetHints":{"allow":["GET"]}}],"collection":[{"href":"https:\/\/reteledetineret.com\/index.php\/wp-json\/wp\/v2\/pages"}],"about":[{"href":"https:\/\/reteledetineret.com\/index.php\/wp-json\/wp\/v2\/types\/page"}],"author":[{"embeddable":true,"href":"https:\/\/reteledetineret.com\/index.php\/wp-json\/wp\/v2\/users\/1"}],"replies":[{"embeddable":true,"href":"https:\/\/reteledetineret.com\/index.php\/wp-json\/wp\/v2\/comments?post=68"}],"version-history":[{"count":4,"href":"https:\/\/reteledetineret.com\/index.php\/wp-json\/wp\/v2\/pages\/68\/revisions"}],"predecessor-version":[{"id":75,"href":"https:\/\/reteledetineret.com\/index.php\/wp-json\/wp\/v2\/pages\/68\/revisions\/75"}],"wp:attachment":[{"href":"https:\/\/reteledetineret.com\/index.php\/wp-json\/wp\/v2\/media?parent=68"}],"curies":[{"name":"wp","href":"https:\/\/api.w.org\/{rel}","templated":true}]}}