{"id":63,"date":"2025-04-30T08:52:59","date_gmt":"2025-04-30T08:52:59","guid":{"rendered":"http:\/\/reteledetineret.com\/?page_id=63"},"modified":"2025-04-30T08:55:07","modified_gmt":"2025-04-30T08:55:07","slug":"obiective","status":"publish","type":"page","link":"https:\/\/reteledetineret.com\/index.php\/obiective\/","title":{"rendered":"Obiective"},"content":{"rendered":"<section class=\"l-section wpb_row height_medium with_shape\"><div class=\"l-section-shape type_triangle-2 pos_top\" style=\"height:50vmin;color:var(--color-content-secondary)\"><svg xmlns=\"http:\/\/www.w3.org\/2000\/svg\" viewBox=\"0 0 64 8\" preserveAspectRatio=\"none\" width=\"100%\" height=\"100%\">\r\n\t<path fill=\"currentColor\" d=\"M64 8 L0 8 L0 0 L48 7.9 L64 0 Z\"\/>\r\n<\/svg><\/div><div class=\"l-section-h i-cf\"><div class=\"g-cols vc_row via_grid cols_1 laptops-cols_inherit tablets-cols_inherit mobiles-cols_1 valign_middle type_default stacking_default\"><div class=\"wpb_column vc_column_container us_custom_1258d325\"><div class=\"vc_column-overlay\" style=\"background:#ffffff\"><\/div><div class=\"vc_column-inner\"><div class=\"wpb_text_column\"><div class=\"wpb_wrapper\"><p><strong>Obiectivul general:<\/strong> \u00eembun\u0103t\u0103\u021birea accesului la pia\u021ba muncii \u0219i m\u0103suri de activare pentru toate persoanele aflate \u00een c\u0103utarea unui loc de munc\u0103, \u00een special pentru tineri, \u00eendeosebi prin implementarea Garan\u021bei pentru tineret, pentru \u0219omerii de lung\u0103 durat\u0103 \u0219i grupurile defavorizate de pe pia\u021ba muncii \u0219i pentru persoanele inactive, precum \u0219i prin promovarea desf\u0103\u0219ur\u0103rii de activit\u0103\u021bi independente \u0219i a economiei sociale (FSE+) pentru 1582 persoane Tineri sub 30 ani din Regiunea de Sud-Est a Romaniei.<\/p>\n<p><strong>Obiectivele specifice<\/strong><\/p>\n<p>1: Constituirea unei re\u021bele pentru tineret care s\u0103 furnizeze servicii personalizate \u0219i de calitate tinerilor cu prec\u0103dere din categoria NEETs, \u00een scopul<br \/>\nidentific\u0103rii a 1582 de persoane apar\u0163in\u00e2nd categoriei Tineri sub 30 de ani ca baz\u0103 pentru activarea si \u00eenregistrarea acestora la SPO<\/p>\n<p>2: Identificarea a cel pu\u0163in1582 de persoane apar\u0163in\u00e2nd categoriei Tineri sub 30 de ani in vederea inregistrarii si profilarii acestora la SPO.<\/p>\n<p>3: Dezvoltarea si implementarea unui sistem de management si control performant al proiectului prin monitorizarea continua a rezultatelor obtinute, \u00een vederea maximizarii impactului proiectului asupra grupului tinta vizat, precum si asigurarea vizibilitatii finantatorului si a activitatilor proiectului, cu ajutorul unor instrumente inovatoare de informare si publicitate, obiectiv aferent activitatii 3 a proiectului ce va avea ca rezultat 1582 persoane sprijinite<\/p>\n<p>4: Asigurarea unei organizari temeinice privind decontarea cheltuielilor indirecte pe baza de rata forfetara, pe intreaga perioada de implementare a proiectului<\/p>\n<\/div><\/div><\/div><\/div><\/div><\/div><\/section>\n","protected":false},"excerpt":{"rendered":"Obiectivul general: \u00eembun\u0103t\u0103\u021birea accesului la pia\u021ba muncii \u0219i m\u0103suri de activare pentru toate persoanele aflate \u00een c\u0103utarea unui loc de munc\u0103, \u00een special pentru tineri, \u00eendeosebi prin implementarea Garan\u021bei pentru tineret, pentru \u0219omerii de lung\u0103 durat\u0103 \u0219i grupurile defavorizate de pe pia\u021ba muncii \u0219i pentru persoanele inactive, precum \u0219i prin promovarea desf\u0103\u0219ur\u0103rii de activit\u0103\u021bi independente...","protected":false},"author":1,"featured_media":0,"parent":0,"menu_order":0,"comment_status":"closed","ping_status":"closed","template":"","meta":{"footnotes":""},"class_list":["post-63","page","type-page","status-publish","hentry"],"_links":{"self":[{"href":"https:\/\/reteledetineret.com\/index.php\/wp-json\/wp\/v2\/pages\/63","targetHints":{"allow":["GET"]}}],"collection":[{"href":"https:\/\/reteledetineret.com\/index.php\/wp-json\/wp\/v2\/pages"}],"about":[{"href":"https:\/\/reteledetineret.com\/index.php\/wp-json\/wp\/v2\/types\/page"}],"author":[{"embeddable":true,"href":"https:\/\/reteledetineret.com\/index.php\/wp-json\/wp\/v2\/users\/1"}],"replies":[{"embeddable":true,"href":"https:\/\/reteledetineret.com\/index.php\/wp-json\/wp\/v2\/comments?post=63"}],"version-history":[{"count":3,"href":"https:\/\/reteledetineret.com\/index.php\/wp-json\/wp\/v2\/pages\/63\/revisions"}],"predecessor-version":[{"id":67,"href":"https:\/\/reteledetineret.com\/index.php\/wp-json\/wp\/v2\/pages\/63\/revisions\/67"}],"wp:attachment":[{"href":"https:\/\/reteledetineret.com\/index.php\/wp-json\/wp\/v2\/media?parent=63"}],"curies":[{"name":"wp","href":"https:\/\/api.w.org\/{rel}","templated":true}]}}