{"id":50,"date":"2025-04-30T08:11:14","date_gmt":"2025-04-30T08:11:14","guid":{"rendered":"http:\/\/reteledetineret.com\/?page_id=50"},"modified":"2025-04-30T08:46:24","modified_gmt":"2025-04-30T08:46:24","slug":"parteneriat","status":"publish","type":"page","link":"https:\/\/reteledetineret.com\/index.php\/parteneriat\/","title":{"rendered":"Parteneriat"},"content":{"rendered":"<section class=\"l-section wpb_row height_medium with_shape\"><div class=\"l-section-shape type_triangle-2 pos_top\" style=\"height:50vmin;color:var(--color-content-secondary)\"><svg xmlns=\"http:\/\/www.w3.org\/2000\/svg\" viewBox=\"0 0 64 8\" preserveAspectRatio=\"none\" width=\"100%\" height=\"100%\">\r\n\t<path fill=\"currentColor\" d=\"M64 8 L0 8 L0 0 L48 7.9 L64 0 Z\"\/>\r\n<\/svg><\/div><div class=\"l-section-h i-cf\"><div class=\"g-cols vc_row via_grid cols_1 laptops-cols_inherit tablets-cols_inherit mobiles-cols_1 valign_middle type_default stacking_default\"><div class=\"wpb_column vc_column_container us_custom_1258d325\"><div class=\"vc_column-overlay\" style=\"background:#ffffff\"><\/div><div class=\"vc_column-inner\"><div class=\"wpb_text_column\"><div class=\"wpb_wrapper\"><p><strong>Solicitant: Agen\u021bia Jude\u021bean\u0103 pentru Ocuparea For\u021bei de Munc\u0103 Galati<\/strong><\/p>\n<p>AJOFM Galati functioneaza din ianuarie 1999, in temeiul Legii nr. 145\/1998 privind infiintarea, organizarea si functionarea Agentiei Nationale pentru Ocupare si Formare Profesionala. Principalele activitati desfasurate de agentie sunt:<\/p>\n<p><i class=\"fas fa-square-check\"><\/i>\u00a0 informarea \u015fi consilierea profesional\u0103;<br \/>\n<i class=\"fas fa-square-check\"><\/i> medierea muncii si organizarea de burse de locuri de munca;<br \/>\n<i class=\"fas fa-square-check\"><\/i> formarea profesional\u0103;<br \/>\n<i class=\"fas fa-square-check\"><\/i> consultan\u0163\u0103 \u015fi asisten\u0163\u0103 pentru \u00eenceperea unei activit\u0103\u0163i independente sau pentru ini\u0163ierea unei afaceri;<br \/>\n<i class=\"fas fa-square-check\"><\/i> completarea, \u00een condi\u0163iile legii, a veniturilor salariale ale persoanelor c\u0103rora li s-a stabilit dreptul la indemniza\u0163ia de \u015fomaj \u015fi care se angajeaz\u0103 pentru program normal de lucru, conform prevederilor legale \u00een vigoare;<br \/>\n<i class=\"fas fa-square-check\"><\/i> efectuarea pl\u0103\u0163ii drepturilor de protec\u0163ie social\u0103 ce se suport\u0103 din bugetul asigur\u0103rilor de \u015fomaj, potrivit legii;<br \/>\n<i class=\"fas fa-square-check\"><\/i> stimularea mobilit\u0103\u0163ii for\u0163ei de munc\u0103;<br \/>\n<i class=\"fas fa-square-check\"><\/i> stimularea angajatorilor pentru \u00eencadrarea \u00een munc\u0103 a \u015fomerilor;<br \/>\n<i class=\"fas fa-square-check\"><\/i> informare si consiliere EURES pentru ocuparea unui loc de munca in Spatiul Economic European;<br \/>\n<i class=\"fas fa-square-check\"><\/i> acreditarea furnizorilor de servicii specializate pentru stimularea ocup\u0103rii for\u0163ei de munc\u0103 &#8211; informare si consiliere si medierea muncii pe piata interna;<br \/>\n<i class=\"fas fa-square-check\"><\/i> acordarea de atestate intreprinderilor sociale si acordarea de certificate intreprinderilor sociale de insertie;<br \/>\n<i class=\"fas fa-square-check\"><\/i> accesarea de fonduri europene prin scrierea si implementarea de proiecte pentru integrarea grupurilor vulnerabile pe piata muncii.<\/p>\n<p><strong>Partener: Centrul de Consultan\u021b\u0103 \u0219i Studii Europene SRL, Gala\u021bi<\/strong><\/p>\n<p>Centrul de Consultan\u021b\u0103 \u0219i Studii Europene SRL a luat fiin\u021b\u0103 \u00een 2005, av\u00e2nd ca obiect principal de activitate conform Codului CAEN 8559 \u2013 alte forme de \u00eenv\u0103\u021b\u0103m\u00e2nt. Compania se axeaz\u0103 pe furnizarea de servicii de formare profesional\u0103, completate de servicii de informare \u0219i consiliere, oferind astfel solu\u021bii concrete \u0219i pentru domeniul medierii muncii. De-a lungul timpului, CCSE a fost implicat\u0103 \u00een 52 de proiecte ca partener cu finan\u021bare extern\u0103 \u0219i a implementat 9 proiecte \u00een calitate de solicitant.<\/p>\n<p>Cu o experien\u021b\u0103 de 18 ani \u00een domeniul form\u0103rii profesionale pentru adul\u021bi, CCSE a avut peste 40.000 de absolven\u021bi \u0219i a dezvoltat peste 130 de programe de formare profesional\u0103. Aceast\u0103 bogat\u0103 experien\u021b\u0103 a fost consolidat\u0103 prin participarea la diverse proiecte cu finan\u021bare extern\u0103, at\u00e2t \u00een calitate de solicitant, c\u00e2t \u0219i de partener, \u0219i prin \u00eencheierea a peste 20 de contracte de prest\u0103ri servicii cu institu\u021bii publice \u0219i \u00eentreprinderi private.<\/p>\n<p>Astfel, expertiza CCSE \u00een campaniile de con\u0219tientizare, implementarea programelor de formare profesional\u0103 \u0219i furnizarea serviciilor de consiliere \u0219i asisten\u021b\u0103 pentru ini\u021bierea activit\u0103\u021bilor independente, precum \u0219i \u00een facilitarea \u00eenfiin\u021b\u0103rii \u0219i demar\u0103rii \u00eentreprinderilor, este solid fundamentat\u0103 \u00een participarea activ\u0103 la proiecte variate \u0219i colaborarea cu diverse entit\u0103\u021bi publice \u0219i private.<\/p>\n<\/div><\/div><\/div><\/div><\/div><\/div><\/section>\n","protected":false},"excerpt":{"rendered":"Solicitant: Agen\u021bia Jude\u021bean\u0103 pentru Ocuparea For\u021bei de Munc\u0103 Galati AJOFM Galati functioneaza din ianuarie 1999, in temeiul Legii nr. 145\/1998 privind infiintarea, organizarea si functionarea Agentiei Nationale pentru Ocupare si Formare Profesionala. Principalele activitati desfasurate de agentie sunt: \u00a0 informarea \u015fi consilierea profesional\u0103; medierea muncii si organizarea de burse de locuri de munca; formarea profesional\u0103;...","protected":false},"author":1,"featured_media":0,"parent":0,"menu_order":0,"comment_status":"closed","ping_status":"closed","template":"","meta":{"footnotes":""},"class_list":["post-50","page","type-page","status-publish","hentry"],"_links":{"self":[{"href":"https:\/\/reteledetineret.com\/index.php\/wp-json\/wp\/v2\/pages\/50","targetHints":{"allow":["GET"]}}],"collection":[{"href":"https:\/\/reteledetineret.com\/index.php\/wp-json\/wp\/v2\/pages"}],"about":[{"href":"https:\/\/reteledetineret.com\/index.php\/wp-json\/wp\/v2\/types\/page"}],"author":[{"embeddable":true,"href":"https:\/\/reteledetineret.com\/index.php\/wp-json\/wp\/v2\/users\/1"}],"replies":[{"embeddable":true,"href":"https:\/\/reteledetineret.com\/index.php\/wp-json\/wp\/v2\/comments?post=50"}],"version-history":[{"count":11,"href":"https:\/\/reteledetineret.com\/index.php\/wp-json\/wp\/v2\/pages\/50\/revisions"}],"predecessor-version":[{"id":62,"href":"https:\/\/reteledetineret.com\/index.php\/wp-json\/wp\/v2\/pages\/50\/revisions\/62"}],"wp:attachment":[{"href":"https:\/\/reteledetineret.com\/index.php\/wp-json\/wp\/v2\/media?parent=50"}],"curies":[{"name":"wp","href":"https:\/\/api.w.org\/{rel}","templated":true}]}}