{"id":2,"date":"2025-04-29T08:48:48","date_gmt":"2025-04-29T08:48:48","guid":{"rendered":"http:\/\/reteledetineret.com\/?page_id=2"},"modified":"2025-05-05T06:50:27","modified_gmt":"2025-05-05T06:50:27","slug":"proieect","status":"publish","type":"page","link":"https:\/\/reteledetineret.com\/","title":{"rendered":"Proiect"},"content":{"rendered":"<section class=\"l-section wpb_row height_medium with_shape\"><div class=\"l-section-shape type_triangle-2 pos_top\" style=\"height:50vmin;color:var(--color-content-secondary)\"><svg xmlns=\"http:\/\/www.w3.org\/2000\/svg\" viewBox=\"0 0 64 8\" preserveAspectRatio=\"none\" width=\"100%\" height=\"100%\">\r\n\t<path fill=\"currentColor\" d=\"M64 8 L0 8 L0 0 L48 7.9 L64 0 Z\"\/>\r\n<\/svg><\/div><div class=\"l-section-h i-cf\"><div class=\"g-cols vc_row via_grid cols_1 laptops-cols_inherit tablets-cols_inherit mobiles-cols_1 valign_middle type_default stacking_default\"><div class=\"wpb_column vc_column_container us_custom_1258d325\"><div class=\"vc_column-overlay\" style=\"background:#ffffff\"><\/div><div class=\"vc_column-inner\"><div class=\"w-hwrapper us_custom_deb12db8 valign_stretch stack_on_mobiles align_none\" style=\"--hwrapper-gap:1.5rem\"><div class=\"w-image us_custom_d43427e2 align_none\"><div class=\"w-image-h\"><img decoding=\"async\" width=\"668\" height=\"661\" src=\"https:\/\/reteledetineret.com\/files\/logoweb.png\" class=\"attachment-full size-full\" alt=\"\" loading=\"lazy\" srcset=\"https:\/\/reteledetineret.com\/files\/logoweb.png 668w, https:\/\/reteledetineret.com\/files\/logoweb-300x297.png 300w\" sizes=\"auto, (max-width: 668px) 100vw, 668px\" \/><\/div><\/div><div class=\"wpb_text_column\"><div class=\"wpb_wrapper\"><p>Proiectul <strong>&#8220;TineRET &#8211; RETELE PENTRU INTEGRARE TINERI&#8221; (Cod SMIS: 337098)<\/strong>\u00a0 este cofinan\u021bat prin <strong>Programul Educa\u021bie \u0219i Ocupare<\/strong>. Acesta are o durat\u0103 de 36 de luni, desf\u0103\u0219ur\u00e2ndu-se \u00een perioada 01.05.2025 &#8211; 30.04.2028.<\/p>\n<p>Valoarea total\u0103 a proiectului: <strong>9.942.454,19 lei<\/strong><br \/>\nValoarea finan\u021b\u0103rii primite prin Programul Educatie si Ocupare: <strong>8.941.631,28 lei<\/strong><br \/>\nValoarea co-finan\u021b\u0103rii eligibile Beneficiar si Partener: <strong>1.000.822,91 lei<\/strong><\/p>\n<\/div><\/div><\/div><div class=\"wpb_text_column\"><div class=\"wpb_wrapper\"><p>Proiectul are ca solicitant AJOFM Gala\u021bi, care, \u00een calitate de institu\u021bie public\u0103, \u0219i-a orientat activitatea c\u0103tre m\u0103suri active de ocupare a for\u021bei de munc\u0103, sus\u021binute prin accesarea fondurilor europene destinate acestui scop.<\/p>\n<p>Prin participarea la proiecte finan\u021bate \u00een cadrul programelor <strong>POSDRU<\/strong> \u0219i <strong>POCU<\/strong>, institu\u021bia a reu\u0219it s\u0103 valorifice experien\u021ba vast\u0103 a echipei sale, consolid\u00e2ndu-\u0219i capacitatea de a implementa proiecte europene. Datorit\u0103 statutului s\u0103u, atribu\u021biilor stabilite prin legisla\u021bia \u00een vigoare \u0219i personalului specializat, <strong>AJOFM Gala\u021bi<\/strong> de\u021bine capacitatea tehnic\u0103 necesar\u0103 pentru derularea proiectelor europene.<\/p>\n<p>Maximiz\u00e2nd rezultatele proiectului, calitatea acestora dar si pt a aduce plus valoare Solicitantul a creat un parteneriat cu <strong>Centrul de Consultan\u021b\u0103 \u0219i Studii Europene SRL Galati,<\/strong> care este unul dintre cei mai mari furnizori de formare profesionala din tara cu o experienta de 18 ani in formare profesionala, av\u00e2nd peste 40.000 de absolven\u021bi de cursuri \u0219i fiind recompensat anual pentru performan\u021bele economice.<\/p>\n<p>Valoarea ad\u0103ugat\u0103 a proiectului rezid\u0103 \u00een experien\u021ba semnificativ\u0103 a ambilor parteneri \u00een implementarea proiectelor cu finan\u021bare european\u0103, capacitatea lor de a realiza activit\u0103\u021bi specifice proiectului \u0219i furnizarea de servicii personalizate pentru atingerea obiectivelor stabilite. Echipele de implementare beneficiaz\u0103 de expertiz\u0103 \u0219i calificare \u00eenalte, iar procedurile \u0219i standardele de lucru, anterior verificate \u00een proiecte similare, aduc asigurarea succesului implement\u0103rii.<\/p>\n<\/div><\/div><\/div><\/div><\/div><\/div><\/section>\n","protected":false},"excerpt":{"rendered":"Proiectul &#8220;TineRET &#8211; RETELE PENTRU INTEGRARE TINERI&#8221; (Cod SMIS: 337098)\u00a0 este cofinan\u021bat prin Programul Educa\u021bie \u0219i Ocupare. Acesta are o durat\u0103 de 36 de luni, desf\u0103\u0219ur\u00e2ndu-se \u00een perioada 01.05.2025 &#8211; 30.04.2028. Valoarea total\u0103 a proiectului: 9.942.454,19 lei Valoarea finan\u021b\u0103rii primite prin Programul Educatie si Ocupare: 8.941.631,28 lei Valoarea co-finan\u021b\u0103rii eligibile Beneficiar si Partener: 1.000.822,91 lei...","protected":false},"author":1,"featured_media":0,"parent":0,"menu_order":0,"comment_status":"closed","ping_status":"closed","template":"","meta":{"footnotes":""},"class_list":["post-2","page","type-page","status-publish","hentry"],"_links":{"self":[{"href":"https:\/\/reteledetineret.com\/index.php\/wp-json\/wp\/v2\/pages\/2","targetHints":{"allow":["GET"]}}],"collection":[{"href":"https:\/\/reteledetineret.com\/index.php\/wp-json\/wp\/v2\/pages"}],"about":[{"href":"https:\/\/reteledetineret.com\/index.php\/wp-json\/wp\/v2\/types\/page"}],"author":[{"embeddable":true,"href":"https:\/\/reteledetineret.com\/index.php\/wp-json\/wp\/v2\/users\/1"}],"replies":[{"embeddable":true,"href":"https:\/\/reteledetineret.com\/index.php\/wp-json\/wp\/v2\/comments?post=2"}],"version-history":[{"count":40,"href":"https:\/\/reteledetineret.com\/index.php\/wp-json\/wp\/v2\/pages\/2\/revisions"}],"predecessor-version":[{"id":80,"href":"https:\/\/reteledetineret.com\/index.php\/wp-json\/wp\/v2\/pages\/2\/revisions\/80"}],"wp:attachment":[{"href":"https:\/\/reteledetineret.com\/index.php\/wp-json\/wp\/v2\/media?parent=2"}],"curies":[{"name":"wp","href":"https:\/\/api.w.org\/{rel}","templated":true}]}}