{"id":113,"date":"2025-06-11T11:41:20","date_gmt":"2025-06-11T11:41:20","guid":{"rendered":"https:\/\/reteledetineret.com\/?page_id=113"},"modified":"2025-07-24T17:57:40","modified_gmt":"2025-07-24T14:57:40","slug":"consiliere","status":"publish","type":"page","link":"https:\/\/reteledetineret.com\/index.php\/consiliere\/","title":{"rendered":"Consiliere"},"content":{"rendered":"<h6>Consiliere<\/h6>\n<p><iframe loading=\"lazy\" title=\"Teste de Orientare Profesionala\" width=\"640\" height=\"360\" src=\"https:\/\/www.youtube.com\/embed\/71_iN-FBx9c?start=3&#038;feature=oembed\" frameborder=\"0\" allow=\"accelerometer; autoplay; clipboard-write; encrypted-media; gyroscope; picture-in-picture; web-share\" referrerpolicy=\"strict-origin-when-cross-origin\" allowfullscreen><\/iframe><\/p>\n<p><iframe loading=\"lazy\" title=\"Optimizarea CV-ului pentru un Job mai Bun ( Webinar CCU)\" width=\"640\" height=\"360\" src=\"https:\/\/www.youtube.com\/embed\/OQFINQeRPA4?feature=oembed\" frameborder=\"0\" allow=\"accelerometer; autoplay; clipboard-write; encrypted-media; gyroscope; picture-in-picture; web-share\" referrerpolicy=\"strict-origin-when-cross-origin\" allowfullscreen><\/iframe><\/p>\n<p><iframe loading=\"lazy\" title=\"Cum \u00ee\u021bi Faci un CV Bun pentru Angajare \u00een 2025? | Un Recruiter \u00ce\u021bi D\u0103 P\u0103rerea Lui!\" width=\"640\" height=\"360\" src=\"https:\/\/www.youtube.com\/embed\/Q-kWeI0mvJM?feature=oembed\" frameborder=\"0\" allow=\"accelerometer; autoplay; clipboard-write; encrypted-media; gyroscope; picture-in-picture; web-share\" referrerpolicy=\"strict-origin-when-cross-origin\" allowfullscreen><\/iframe><\/p>\n<p><iframe loading=\"lazy\" title=\"Secrete pentru R\u0103spunsuri Impecabile \u00een Interviurile din 2025: Cum S\u0103 Impresionezi Recrutorii!\" width=\"640\" height=\"360\" src=\"https:\/\/www.youtube.com\/embed\/uUepmf3SlL4?feature=oembed\" frameborder=\"0\" allow=\"accelerometer; autoplay; clipboard-write; encrypted-media; gyroscope; picture-in-picture; web-share\" referrerpolicy=\"strict-origin-when-cross-origin\" allowfullscreen><\/iframe><\/p>\n<p><iframe loading=\"lazy\" title=\"Cum s\u0103 \u00ee\u021bi creezi o pagin\u0103 de LinkedIn care \u00ee\u021bi cre\u0219te de 11 ori \u0219ansele s\u0103 te angajezi!\" width=\"640\" height=\"360\" src=\"https:\/\/www.youtube.com\/embed\/7HFmV24YcfE?feature=oembed\" frameborder=\"0\" allow=\"accelerometer; autoplay; clipboard-write; encrypted-media; gyroscope; picture-in-picture; web-share\" referrerpolicy=\"strict-origin-when-cross-origin\" allowfullscreen><\/iframe><\/p>\n<p><iframe loading=\"lazy\" title=\"Mind Architect x BestJobs Coaching - Cum ne alegem cariera potrivit\u0103\" width=\"640\" height=\"360\" src=\"https:\/\/www.youtube.com\/embed\/jHfnAxISCU0?feature=oembed\" frameborder=\"0\" allow=\"accelerometer; autoplay; clipboard-write; encrypted-media; gyroscope; picture-in-picture; web-share\" referrerpolicy=\"strict-origin-when-cross-origin\" allowfullscreen><\/iframe><\/p>\n<p><iframe loading=\"lazy\" title=\"5 sugestii pentru un interviu de succes - Centrul de Consiliere \u0219i Orientare \u00een Carier\u0103 USAMV\" width=\"640\" height=\"360\" src=\"https:\/\/www.youtube.com\/embed\/_C-pp2CHgAk?feature=oembed\" frameborder=\"0\" allow=\"accelerometer; autoplay; clipboard-write; encrypted-media; gyroscope; picture-in-picture; web-share\" referrerpolicy=\"strict-origin-when-cross-origin\" allowfullscreen><\/iframe><\/p>\n<p><iframe loading=\"lazy\" title=\"Cum iti faci un CV (perfect) pentru Angajare in 2025 | Europass vs One pager CV\" width=\"640\" height=\"360\" src=\"https:\/\/www.youtube.com\/embed\/NxkmCjQ1DFg?feature=oembed\" frameborder=\"0\" allow=\"accelerometer; autoplay; clipboard-write; encrypted-media; gyroscope; picture-in-picture; web-share\" referrerpolicy=\"strict-origin-when-cross-origin\" allowfullscreen><\/iframe><\/p>\n<p><iframe loading=\"lazy\" title=\"CV-ul modern \u015fi cum s\u01ce r\u01cem\u00e2i competitiv pe pia\u021ba muncii\" width=\"640\" height=\"360\" src=\"https:\/\/www.youtube.com\/embed\/Ib2gOwvJsoQ?feature=oembed\" frameborder=\"0\" allow=\"accelerometer; autoplay; clipboard-write; encrypted-media; gyroscope; picture-in-picture; web-share\" referrerpolicy=\"strict-origin-when-cross-origin\" allowfullscreen><\/iframe><\/p>\n<p><iframe loading=\"lazy\" title=\"Cum s\u0103 \u00eemi g\u0103sesc cariera\" width=\"640\" height=\"360\" src=\"https:\/\/www.youtube.com\/embed\/L1vjy99X0hk?feature=oembed\" frameborder=\"0\" allow=\"accelerometer; autoplay; clipboard-write; encrypted-media; gyroscope; picture-in-picture; web-share\" referrerpolicy=\"strict-origin-when-cross-origin\" allowfullscreen><\/iframe><\/p>\n<p><strong>Checklist \u2013 Interpretare Anun\u021b de Angajare<\/strong><a href=\"https:\/\/docs.google.com\/document\/d\/1I8-ZpRGdIInII_JKusm6QcEXxxQeAlsx\/edit?usp=sharing\"> Vezi mai mult \/ descarcare<\/a><\/p>\n<p><strong>Chestionar \u2013 Stil Decizional<\/strong><a href=\"https:\/\/docs.google.com\/document\/d\/1bcbRMle9bidJIYnrOMb5z2I7AFrBAXu5\/edit?usp=sharing\"> Vezi mai mult \/ descarcare<\/a><\/p>\n<p><strong>Chestionar unic \u2013 Ce mi se potrive\u0219te<\/strong><a href=\"https:\/\/docs.google.com\/document\/d\/17FxWW8i55-M3Wbju4I4q5__RR0dJ16iM\/edit?usp=sharing\"> Vezi mai mult \/ descarcare<\/a><\/p>\n<p><strong>Evolu\u021bia pie\u021bei muncii<\/strong><a href=\"https:\/\/docs.google.com\/document\/d\/1Q9hsBp3-tjolFQwUzzkTO63GwcRI8cTS\/edit?usp=sharing\"> Vezi mai mult \/ descarcare<\/a><\/p>\n<p><strong>Ghid de completare CV Europass \u2013 versiune online<\/strong><a href=\"https:\/\/docs.google.com\/document\/d\/1VfvH1BjSXsnyu-Uta9ssdjTE8qnDz6-W\/edit?usp=sharing\"> Vezi mai mult \/ descarcare<\/a><\/p>\n<p><strong>Ghid detaliat \u2013 Metoda STAR \u00een interviuri<\/strong><a href=\"https:\/\/docs.google.com\/document\/d\/17csenrD-E8WRgcCH2W8gTuNg051gbW2m\/edit?usp=sharing\"> Vezi mai mult \/ descarcare<\/a><\/p>\n<p><strong>Lista \u00eentreb\u0103ri interviu<\/strong><a href=\"https:\/\/docs.google.com\/document\/d\/1AV0eTY6jWyQlFaJ2BDdE0VyNhwSRBSsz\/edit?usp=sharing\"> Vezi mai mult \/ descarcare<\/a><\/p>\n<p><strong>Model Curriculum Vitae<\/strong><a href=\"https:\/\/docs.google.com\/document\/d\/1a2SjXXnE0dQNS046Nu320RAnqVT4N1Lr\/edit?usp=sharing\"> Vezi mai mult \/ descarcare<\/a><\/p>\n<p><strong>Plan pentru folosirea platformelor online<\/strong><a href=\"https:\/\/docs.google.com\/document\/d\/1VF6-ebAsPhQSIUFCP0w4rAVz6yHXP_FZ\/edit?usp=sharing\"> Vezi mai mult \/ descarcare<\/a><\/p>\n<p><strong>Scrisoare de inten\u021bie<\/strong><a href=\"https:\/\/docs.google.com\/document\/d\/1lf0bCad9QM5019SbvfliZybRWGqNPz8B\/edit?usp=sharing\"> Vezi mai mult \/ descarcare<\/a><\/p>\n<p><strong>Set \u00eentreb\u0103ri interviu \u2013 Nivel \u00cencep\u0103tor <\/strong><a href=\"https:\/\/docs.google.com\/document\/d\/1u-y9AYAF940QjQEijt-t4Sbr9NUDNl35\/edit?usp=sharing\">Vezi mai mult \/ descarcare<\/a><\/p>\n<p>Chestionar pentru evaluarea intereselor profesionale &#8211; <a href=\"https:\/\/docs.google.com\/document\/d\/15m939V2ovRIrXMfWkq9XiiwM442o22bB\/edit?usp=sharing&amp;ouid=114013038712434177320&amp;rtpof=true&amp;sd=true\" target=\"_blank\" rel=\"noopener\">descarc\u0103 \/ printeaz\u0103 documentul<\/a>.<\/p>\n<p>Evaluarea Competen\u021belor Individuale &#8211; <a href=\"https:\/\/docs.google.com\/document\/d\/1z9c1kh52rwwgCe7FPdquhG0Tbo7vp1vu\/edit?usp=sharing&amp;ouid=114013038712434177320&amp;rtpof=true&amp;sd=true\" target=\"_blank\" rel=\"noopener\">descarc\u0103 \/ printeaz\u0103 documentul<\/a>.<\/p>\n<p>Fi\u0219\u0103 de autoevaluare personal\u0103 \u0219i profesional\u0103 &#8211; <a href=\"https:\/\/docs.google.com\/document\/d\/1K2fzv92GQGapwhKvhnjjD6U5ajA0yzRD\/edit?usp=sharing&amp;ouid=114013038712434177320&amp;rtpof=true&amp;sd=true\" target=\"_blank\" rel=\"noopener\">descarc\u0103 \/ printeaz\u0103 documentul<\/a>.<\/p>\n","protected":false},"excerpt":{"rendered":"<p>Consiliere Checklist \u2013 Interpretare Anun\u021b de Angajare Vezi mai mult \/ descarcare Chestionar \u2013 Stil Decizional Vezi mai mult \/ descarcare Chestionar unic \u2013 Ce mi se potrive\u0219te Vezi mai mult \/ descarcare Evolu\u021bia pie\u021bei muncii Vezi mai mult \/ descarcare Ghid de completare CV Europass \u2013 versiune online Vezi mai mult \/ descarcare Ghid&#8230;<\/p>\n","protected":false},"author":1,"featured_media":0,"parent":0,"menu_order":0,"comment_status":"closed","ping_status":"closed","template":"","meta":{"footnotes":""},"class_list":["post-113","page","type-page","status-publish","hentry"],"_links":{"self":[{"href":"https:\/\/reteledetineret.com\/index.php\/wp-json\/wp\/v2\/pages\/113","targetHints":{"allow":["GET"]}}],"collection":[{"href":"https:\/\/reteledetineret.com\/index.php\/wp-json\/wp\/v2\/pages"}],"about":[{"href":"https:\/\/reteledetineret.com\/index.php\/wp-json\/wp\/v2\/types\/page"}],"author":[{"embeddable":true,"href":"https:\/\/reteledetineret.com\/index.php\/wp-json\/wp\/v2\/users\/1"}],"replies":[{"embeddable":true,"href":"https:\/\/reteledetineret.com\/index.php\/wp-json\/wp\/v2\/comments?post=113"}],"version-history":[{"count":13,"href":"https:\/\/reteledetineret.com\/index.php\/wp-json\/wp\/v2\/pages\/113\/revisions"}],"predecessor-version":[{"id":216,"href":"https:\/\/reteledetineret.com\/index.php\/wp-json\/wp\/v2\/pages\/113\/revisions\/216"}],"wp:attachment":[{"href":"https:\/\/reteledetineret.com\/index.php\/wp-json\/wp\/v2\/media?parent=113"}],"curies":[{"name":"wp","href":"https:\/\/api.w.org\/{rel}","templated":true}]}}